{"id":41,"date":"2021-01-08T19:14:22","date_gmt":"2021-01-08T19:14:22","guid":{"rendered":"http:\/\/pc-biber.ath.cx\/wp\/?page_id=41"},"modified":"2025-10-14T15:25:49","modified_gmt":"2025-10-14T15:25:49","slug":"elementor-41","status":"publish","type":"page","link":"https:\/\/pc-biber.ath.cx\/wpathcx\/","title":{"rendered":"Startseite"},"content":{"rendered":"\t\t<div data-elementor-type=\"wp-post\" data-elementor-id=\"41\" class=\"elementor elementor-41\">\n\t\t\t\t\t\t\t\t\t<section class=\"has_eae_slider elementor-section elementor-top-section elementor-element elementor-element-20b6318 elementor-section-boxed elementor-section-height-default elementor-section-height-default\" data-id=\"20b6318\" data-element_type=\"section\">\n\t\t\t\t\t\t<div class=\"elementor-container elementor-column-gap-default\">\n\t\t\t\t\t<div class=\"has_eae_slider elementor-column elementor-col-100 elementor-top-column elementor-element elementor-element-2ab5613\" data-id=\"2ab5613\" data-element_type=\"column\">\n\t\t\t<div class=\"elementor-widget-wrap elementor-element-populated\">\n\t\t\t\t\t\t\t\t<div class=\"elementor-element elementor-element-c6f5cfe elementor-hidden-desktop elementor-hidden-tablet elementor-hidden-mobile elementor-widget elementor-widget-text-editor\" data-id=\"c6f5cfe\" data-element_type=\"widget\" data-widget_type=\"text-editor.default\">\n\t\t\t\t<div class=\"elementor-widget-container\">\n\t\t\t\t\t\t\t<p style=\"text-align: center;\"><i style=\"font-family: 'Arial Black', 'Avant Garde'; font-size: large;\">3.12.2021<\/i><\/p><p style=\"text-align: center;\"><i style=\"font-family: 'Arial Black', 'Avant Garde'; font-size: large;\">Leider sind unsere Verantwortlichen nicht in der Lage eine Impfpflicht durchzusetzen, Impfverweigerer zu isolieren und erlassen lieber unsinnige Beschr\u00e4nkungen f\u00fcr Geimpfte.<\/i><\/p><p style=\"text-align: center;\"><i style=\"font-family: 'Arial Black', 'Avant Garde'; font-size: large;\">Sehr gutes Signal f\u00fcr alle die sich aus sinnlosen Gr\u00fcnden\u00a0<\/i><span style=\"font-family: Arial Black, Avant Garde; font-size: large;\"><i>nicht impfen lassen. Bravo, ihr solltet\u00a0nur bedenken, dass irgendwann das Fass \u00fcberl\u00e4uft.<\/i><\/span><\/p>\t\t\t\t\t\t<\/div>\n\t\t\t\t<\/div>\n\t\t\t\t\t<\/div>\n\t\t<\/div>\n\t\t\t\t\t\t\t<\/div>\n\t\t<\/section>\n\t\t\t\t<section class=\"has_eae_slider elementor-section elementor-top-section elementor-element elementor-element-ebe19b9 elementor-section-boxed elementor-section-height-default elementor-section-height-default\" data-id=\"ebe19b9\" data-element_type=\"section\">\n\t\t\t\t\t\t<div class=\"elementor-container elementor-column-gap-default\">\n\t\t\t\t\t<div class=\"has_eae_slider elementor-column elementor-col-100 elementor-top-column elementor-element elementor-element-a76a98f\" data-id=\"a76a98f\" data-element_type=\"column\">\n\t\t\t<div class=\"elementor-widget-wrap elementor-element-populated\">\n\t\t\t\t\t\t\t\t<div class=\"elementor-element elementor-element-fb19191 elementor-widget elementor-widget-text-editor\" data-id=\"fb19191\" data-element_type=\"widget\" data-widget_type=\"text-editor.default\">\n\t\t\t\t<div class=\"elementor-widget-container\">\n\t\t\t\t\t\t\t<p>Das s\u00fc\u00dfe kleine Kr\u00fcmelmonster sitzt bei K\u00e4lte und N\u00e4sse lieber auf dem Sofa und vernascht Kekse und Schokolade.<\/p>\t\t\t\t\t\t<\/div>\n\t\t\t\t<\/div>\n\t\t\t\t<div class=\"elementor-element elementor-element-4c30cda elementor-arrows-position-inside elementor-pagination-position-outside elementor-widget elementor-widget-image-carousel\" data-id=\"4c30cda\" data-element_type=\"widget\" data-settings=\"{&quot;navigation&quot;:&quot;both&quot;,&quot;autoplay&quot;:&quot;yes&quot;,&quot;pause_on_hover&quot;:&quot;yes&quot;,&quot;pause_on_interaction&quot;:&quot;yes&quot;,&quot;autoplay_speed&quot;:5000,&quot;infinite&quot;:&quot;yes&quot;,&quot;speed&quot;:500}\" data-widget_type=\"image-carousel.default\">\n\t\t\t\t<div class=\"elementor-widget-container\">\n\t\t\t\t\t<div class=\"elementor-image-carousel-wrapper swiper-container\" dir=\"ltr\">\n\t\t\t<div class=\"elementor-image-carousel swiper-wrapper swiper-image-stretch\" aria-live=\"off\">\n\t\t\t\t\t\t\t\t<div class=\"swiper-slide\" role=\"group\" aria-roledescription=\"slide\" aria-label=\"1 von 4\"><a data-elementor-open-lightbox=\"yes\" data-elementor-lightbox-slideshow=\"4c30cda\" data-elementor-lightbox-title=\"IMG_9817_1280\" data-e-action-hash=\"#elementor-action%3Aaction%3Dlightbox%26settings%3DeyJpZCI6MjMxLCJ1cmwiOiJodHRwczpcL1wvcGMtYmliZXIuYXRoLmN4XC93cGF0aGN4XC93cC1jb250ZW50XC91cGxvYWRzXC8yMDIxXC8wMVwvSU1HXzk4MTdfMTI4MC5qcGciLCJzbGlkZXNob3ciOiI0YzMwY2RhIn0%3D\" href=\"https:\/\/pc-biber.ath.cx\/wpathcx\/wp-content\/uploads\/2021\/01\/IMG_9817_1280.jpg\"><figure class=\"swiper-slide-inner\"><img decoding=\"async\" class=\"swiper-slide-image\" src=\"https:\/\/pc-biber.ath.cx\/wpathcx\/wp-content\/uploads\/2021\/01\/IMG_9817_1280.jpg\" alt=\"IMG_9817_1280\" \/><\/figure><\/a><\/div><div class=\"swiper-slide\" role=\"group\" aria-roledescription=\"slide\" aria-label=\"2 von 4\"><a data-elementor-open-lightbox=\"yes\" data-elementor-lightbox-slideshow=\"4c30cda\" data-elementor-lightbox-title=\"IMG_9625_1280\" data-e-action-hash=\"#elementor-action%3Aaction%3Dlightbox%26settings%3DeyJpZCI6MjMwLCJ1cmwiOiJodHRwczpcL1wvcGMtYmliZXIuYXRoLmN4XC93cGF0aGN4XC93cC1jb250ZW50XC91cGxvYWRzXC8yMDIxXC8wMVwvSU1HXzk2MjVfMTI4MC5qcGciLCJzbGlkZXNob3ciOiI0YzMwY2RhIn0%3D\" href=\"https:\/\/pc-biber.ath.cx\/wpathcx\/wp-content\/uploads\/2021\/01\/IMG_9625_1280.jpg\"><figure class=\"swiper-slide-inner\"><img decoding=\"async\" class=\"swiper-slide-image\" src=\"https:\/\/pc-biber.ath.cx\/wpathcx\/wp-content\/uploads\/2021\/01\/IMG_9625_1280.jpg\" alt=\"IMG_9625_1280\" \/><\/figure><\/a><\/div><div class=\"swiper-slide\" role=\"group\" aria-roledescription=\"slide\" aria-label=\"3 von 4\"><a data-elementor-open-lightbox=\"yes\" data-elementor-lightbox-slideshow=\"4c30cda\" data-elementor-lightbox-title=\"IMG_9831_1280\" data-e-action-hash=\"#elementor-action%3Aaction%3Dlightbox%26settings%3DeyJpZCI6MjM4LCJ1cmwiOiJodHRwczpcL1wvcGMtYmliZXIuYXRoLmN4XC93cGF0aGN4XC93cC1jb250ZW50XC91cGxvYWRzXC8yMDIxXC8wMVwvSU1HXzk4MzFfMTI4MC5qcGciLCJzbGlkZXNob3ciOiI0YzMwY2RhIn0%3D\" href=\"https:\/\/pc-biber.ath.cx\/wpathcx\/wp-content\/uploads\/2021\/01\/IMG_9831_1280.jpg\"><figure class=\"swiper-slide-inner\"><img decoding=\"async\" class=\"swiper-slide-image\" src=\"https:\/\/pc-biber.ath.cx\/wpathcx\/wp-content\/uploads\/2021\/01\/IMG_9831_1280.jpg\" alt=\"IMG_9831_1280\" \/><\/figure><\/a><\/div><div class=\"swiper-slide\" role=\"group\" aria-roledescription=\"slide\" aria-label=\"4 von 4\"><a data-elementor-open-lightbox=\"yes\" data-elementor-lightbox-slideshow=\"4c30cda\" data-elementor-lightbox-title=\"IMG_9832_1280\" data-e-action-hash=\"#elementor-action%3Aaction%3Dlightbox%26settings%3DeyJpZCI6MjM5LCJ1cmwiOiJodHRwczpcL1wvcGMtYmliZXIuYXRoLmN4XC93cGF0aGN4XC93cC1jb250ZW50XC91cGxvYWRzXC8yMDIxXC8wMVwvSU1HXzk4MzJfMTI4MC5qcGciLCJzbGlkZXNob3ciOiI0YzMwY2RhIn0%3D\" href=\"https:\/\/pc-biber.ath.cx\/wpathcx\/wp-content\/uploads\/2021\/01\/IMG_9832_1280.jpg\"><figure class=\"swiper-slide-inner\"><img decoding=\"async\" class=\"swiper-slide-image\" src=\"https:\/\/pc-biber.ath.cx\/wpathcx\/wp-content\/uploads\/2021\/01\/IMG_9832_1280.jpg\" alt=\"IMG_9832_1280\" \/><\/figure><\/a><\/div>\t\t\t<\/div>\n\t\t\t\t\t\t\t\t\t\t\t\t<div class=\"elementor-swiper-button elementor-swiper-button-prev\" role=\"button\" tabindex=\"0\">\n\t\t\t\t\t\t<i aria-hidden=\"true\" class=\"eicon-chevron-left\"><\/i>\t\t\t\t\t<\/div>\n\t\t\t\t\t<div class=\"elementor-swiper-button elementor-swiper-button-next\" role=\"button\" tabindex=\"0\">\n\t\t\t\t\t\t<i aria-hidden=\"true\" class=\"eicon-chevron-right\"><\/i>\t\t\t\t\t<\/div>\n\t\t\t\t\n\t\t\t\t\t\t\t\t\t<div class=\"swiper-pagination\"><\/div>\n\t\t\t\t\t\t\t\t\t<\/div>\n\t\t\t\t<\/div>\n\t\t\t\t<\/div>\n\t\t\t\t\t<\/div>\n\t\t<\/div>\n\t\t\t\t\t\t\t<\/div>\n\t\t<\/section>\n\t\t\t\t\t\t\t<\/div>\n\t\t","protected":false},"excerpt":{"rendered":"<p>3.12.2021 Leider sind unsere Verantwortlichen nicht in der Lage eine Impfpflicht durchzusetzen, Impfverweigerer zu isolieren und erlassen lieber unsinnige Beschr\u00e4nkungen f\u00fcr Geimpfte. Sehr gutes Signal f\u00fcr alle die sich aus sinnlosen Gr\u00fcnden\u00a0nicht impfen lassen. Bravo, ihr solltet\u00a0nur bedenken, dass irgendwann das Fass \u00fcberl\u00e4uft. Das s\u00fc\u00dfe kleine Kr\u00fcmelmonster sitzt bei K\u00e4lte und N\u00e4sse lieber auf dem&nbsp;&hellip;<\/p>\n","protected":false},"author":1,"featured_media":0,"parent":0,"menu_order":0,"comment_status":"closed","ping_status":"closed","template":"","meta":{"footnotes":""},"class_list":["post-41","page","type-page","status-publish","hentry"],"_links":{"self":[{"href":"https:\/\/pc-biber.ath.cx\/wpathcx\/wp-json\/wp\/v2\/pages\/41","targetHints":{"allow":["GET"]}}],"collection":[{"href":"https:\/\/pc-biber.ath.cx\/wpathcx\/wp-json\/wp\/v2\/pages"}],"about":[{"href":"https:\/\/pc-biber.ath.cx\/wpathcx\/wp-json\/wp\/v2\/types\/page"}],"author":[{"embeddable":true,"href":"https:\/\/pc-biber.ath.cx\/wpathcx\/wp-json\/wp\/v2\/users\/1"}],"replies":[{"embeddable":true,"href":"https:\/\/pc-biber.ath.cx\/wpathcx\/wp-json\/wp\/v2\/comments?post=41"}],"version-history":[{"count":27,"href":"https:\/\/pc-biber.ath.cx\/wpathcx\/wp-json\/wp\/v2\/pages\/41\/revisions"}],"predecessor-version":[{"id":1458,"href":"https:\/\/pc-biber.ath.cx\/wpathcx\/wp-json\/wp\/v2\/pages\/41\/revisions\/1458"}],"wp:attachment":[{"href":"https:\/\/pc-biber.ath.cx\/wpathcx\/wp-json\/wp\/v2\/media?parent=41"}],"curies":[{"name":"wp","href":"https:\/\/api.w.org\/{rel}","templated":true}]}}